{"id":2,"date":"2025-05-16T09:18:47","date_gmt":"2025-05-16T09:18:47","guid":{"rendered":"https:\/\/sgc.gamelab.ch\/?page_id=2"},"modified":"2025-08-23T17:48:35","modified_gmt":"2025-08-23T17:48:35","slug":"sample-page","status":"publish","type":"page","link":"https:\/\/sgc.gamelab.ch\/?page_id=2","title":{"rendered":"Mission Statement"},"content":{"rendered":"\n<p>Dieser Blog soll eine Chronik sein, durch das SchweizerGameDesign von seinen Anf\u00e4ngen in den 70er Jahren bis Heute. Er ist eine Chronik im Sinne alter Chroniken. In diesen wurde wild durcheinnander Fakten gesammelt. Die Idee von Geschichte als Wissenschaft existiert bekanntlich erst seit der Neuzeit oder konkreter medial seit dem Buchdruck. Oft waren diese Fakten widerspr\u00fcchlich oder gar von den Chronisten abh\u00e4ngig und wiederum vom aktuellen Zeitgeist. In diesem Sinn: Hier ist alles pers\u00f6nlich und die Chronisten hoffen, dass auch andere die Geschichtsschreibung selbst in die Hand nehmen.<br><br>Diese Chronik soll also Fakten zusammentragen, die dann wiederum in einer Geschichte die einst geschrieben werden sollte, eingeordnet und genutzt werden k\u00f6nnen.<\/p>\n\n\n\n<p>Eure Chronisten, die nat\u00fcrlich auch Teil des Geschehens sind.<br><br>Roland der AmeisenSchm\u00f6cker<br>Ladina M\u00fcller &#8222;Ein bisschen Mehr darf es schon sein&#8220;<br>Gian Bircherm\u00fcsli<br>Hazel Br\u00fcggerman<br>Ren\u00e9 Bauer &#8211; Jemand sagte mal: &#8222;Meinungsstark&#8220; &#8211; das war kein Kompliment.<br>M\u00e4ni Abderhalen: &#8222;Ich mag einfach alles, was mit Spiel zu tun hat&#8220;!<br>Rebecca Binder: &#8222;Glanz und Shini ist alles&#8220;<br>Taytan Altair: Entwickelt seit Jahren ein sensationell gute Spiel. Er wird es aber niemals ver\u00f6ffenltichen. Es w\u00e4re zu erfolgreich. <br>Namenlose: Von ihm stammen viele Texte.<br><br>Wir suchen noch jemanden, der Glanz&amp;Gloria oder so macht. Also allen Tratsch zu Beziehungen, Anonymosit\u00e4ten halt den ganzen Boulevard!<\/p>\n","protected":false},"excerpt":{"rendered":"<p>Dieser Blog soll eine Chronik sein, durch das SchweizerGameDesign von seinen Anf\u00e4ngen in den 70er Jahren bis Heute. Er ist eine Chronik im Sinne alter Chroniken. In diesen wurde wild durcheinnander Fakten gesammelt. Die Idee von Geschichte als Wissenschaft existiert &hellip; <a href=\"https:\/\/sgc.gamelab.ch\/?page_id=2\">Weiterlesen <span class=\"meta-nav\">&rarr;<\/span><\/a><\/p>\n","protected":false},"author":1,"featured_media":0,"parent":0,"menu_order":0,"comment_status":"closed","ping_status":"open","template":"","meta":{"footnotes":""},"class_list":["post-2","page","type-page","status-publish","hentry"],"_links":{"self":[{"href":"https:\/\/sgc.gamelab.ch\/index.php?rest_route=\/wp\/v2\/pages\/2","targetHints":{"allow":["GET"]}}],"collection":[{"href":"https:\/\/sgc.gamelab.ch\/index.php?rest_route=\/wp\/v2\/pages"}],"about":[{"href":"https:\/\/sgc.gamelab.ch\/index.php?rest_route=\/wp\/v2\/types\/page"}],"author":[{"embeddable":true,"href":"https:\/\/sgc.gamelab.ch\/index.php?rest_route=\/wp\/v2\/users\/1"}],"replies":[{"embeddable":true,"href":"https:\/\/sgc.gamelab.ch\/index.php?rest_route=%2Fwp%2Fv2%2Fcomments&post=2"}],"version-history":[{"count":5,"href":"https:\/\/sgc.gamelab.ch\/index.php?rest_route=\/wp\/v2\/pages\/2\/revisions"}],"predecessor-version":[{"id":249,"href":"https:\/\/sgc.gamelab.ch\/index.php?rest_route=\/wp\/v2\/pages\/2\/revisions\/249"}],"wp:attachment":[{"href":"https:\/\/sgc.gamelab.ch\/index.php?rest_route=%2Fwp%2Fv2%2Fmedia&parent=2"}],"curies":[{"name":"wp","href":"https:\/\/api.w.org\/{rel}","templated":true}]}}